{"id":3,"date":"2024-06-05T19:59:20","date_gmt":"2024-06-05T19:59:20","guid":{"rendered":"https:\/\/foodart.info\/?page_id=3"},"modified":"2024-08-30T11:30:51","modified_gmt":"2024-08-30T11:30:51","slug":"privacy-policy","status":"publish","type":"page","link":"https:\/\/foodart.info\/?page_id=3","title":{"rendered":"Privacy Policy"},"content":{"rendered":"\n<p><strong>Privacy policy:<\/strong>\u00a0<strong>INFORMATIVA PER IL TRATTAMENTO DEI DATI PERSONALI AI SENSI DELL\u2019ARTICOLO 13 DEL REGOLAMENTO UE 2016\/679<\/strong><\/p>\n\n\n\n<p>Privacy policy: Nel rispetto di quanto previsto dal Regolamento UE 2016\/679 (Regolamento Europeo per la protezione dei dati personali), Le forniamo le dovute informazioni in ordine al trattamento dei dati personali forniti. L\u2019informativa non \u00e8 da considerarsi valida per altri siti web eventualmente raggiungibili tramite links (collegamenti) presenti sui siti internet a dominio del titolare, che non \u00e8 pertanto da considerarsi in alcun modo responsabile per i dati raccolti e trattati.<\/p>\n\n\n\n<p>Si tratta di un\u2019informativa che \u00e8 resa ai sensi dell\u2019art. 13 del Reg. UE 2016\/679 (Regolamento Europeo per la protezione dei dati personali) e si ispira anche a quanto previsto dalla Direttiva 2002\/58\/CE, come aggiornata dalla Direttiva 2009\/136\/CE, in materia di Cookies nonch\u00e9 a quanto previsto dal Provvedimento dell\u2019Autorit\u00e0 Garante per la protezione dei dati personali del 08.05.2014 in materia di cookies.&nbsp;<\/p>\n\n\n\n<p>Informative specifiche della privacy policy: informative specifiche potrebbero essere presentate nelle pagine del Sito in relazione a particolari servizi o trattamenti dei Dati forniti. Cookies: per maggiori informazioni sui cookies utilizzati dal presente sito web si veda la cookies policy al seguente link: link cookie Foodart.<\/p>\n\n\n\n<p><strong>1. TITOLARE DEL TRATTAMENTO e RESPONSABILE DELLA PROTEZIONE DEI DATI<\/strong><\/p>\n\n\n\n<p>Ai sensi dell\u2019art. 4 Reg. UE 2016\/679, Titolare del trattamento \u00e8 Foodart s.a.s. con sede legale in Spettabile: Via Alerami 17, 15033 Casale Monferrato (AL)<\/p>\n\n\n\n<p>C.F. 02508320062<br>P.IVA 02508320062<br><\/p>\n\n\n\n<p>L\u2019elenco aggiornato dei responsabili al trattamento \u00e8 custodito presso la sede legale del Titolare del trattamento e disponibile a chi ne fa richiesta.<\/p>\n\n\n\n<p><strong>2. FINALIT\u00c0 E BASE GIURIDICA DEL TRATTAMENTO<\/strong><\/p>\n\n\n\n<p>I dati di natura personale forniti saranno trattati, nel rispetto delle condizioni di liceit\u00e0 ex art. 6 del Reg. UE 2016\/679, per le seguenti finalit\u00e0:<\/p>\n\n\n\n<ul class=\"wp-block-list\">\n<li><strong>Navigazione sul presente sito internet<\/strong>: legittimo interesse (art. 6 paragrafo 1 lett. f)) quale base giuridica del trattamento;<\/li>\n<\/ul>\n\n\n\n<ul class=\"wp-block-list\">\n<li><strong>Eventuale richiesta di contatto con invio di informazioni da Lei richieste<\/strong>: legittimo interesse (art. 6 paragrafo 1 lett. f)) quale base giuridica del trattamento;<\/li>\n<\/ul>\n\n\n\n<ul class=\"wp-block-list\">\n<li><strong>Previo consenso e fino a sua revoca<\/strong>: per attivit\u00e0 di marketing diretto del Titolare, newsletter, ricerche di mercato o altre ricerche campionarie e materiale informativo, per la rilevazione del grado di soddisfazione, materiale promozionale, commerciale e pubblicitario o inerente eventi ed iniziative, da parte del Titolare \u2013 consenso esplicito (art. 6 paragrafo 1 lett. a)) quale base giuridica del trattamento.<\/li>\n<\/ul>\n\n\n\n<p><strong>3. DESTINATARI O CATEGORIE DI DESTINATARI DEI DATI<\/strong><\/p>\n\n\n\n<p>I dati di natura personale forniti potranno essere comunicati a destinatari, che tratteranno i dati in qualit\u00e0 di responsabili (art. 28 del Reg. UE 2016\/679) e\/o in qualit\u00e0 di persone fisiche che agiscono sotto l\u2019autorit\u00e0 del Titolare e del Responsabile (art. 29 del Reg. UE 2016\/679), per le finalit\u00e0 sopra elencate al punto 2. Precisamente, i dati potranno essere comunicati a:<\/p>\n\n\n\n<ul class=\"wp-block-list\">\n<li>soggetti che forniscono servizi per la gestione del sistema informativo e delle reti di telecomunicazioni ivi compresa la posta elettronica, newsletter e gestione siti internet;<\/li>\n\n\n\n<li>professionisti, studi o societ\u00e0 nell\u2019ambito di rapporti di assistenza e consulenza;<\/li>\n\n\n\n<li>soggetti che collaborano con il Titolare del trattamento per attivit\u00e0 di marketing diretto;<\/li>\n\n\n\n<li>soggetti competenti per adempimenti di obblighi di leggi e\/o di disposizioni di organi pubblici, su richiesta;<\/li>\n<\/ul>\n\n\n\n<p>I soggetti appartenenti alle categorie suddette svolgono la funzione di Responsabile del trattamento dei dati, oppure operano in totale autonomia come distinti Titolari del trattamento. L\u2019elenco dei Responsabili del trattamento \u00e8 costantemente aggiornato e disponibile a chi ne fa richiesta scrivendo a amministrazione@food-art.it<\/p>\n\n\n\n<p><strong>4. PERIODO DI CONSERVAZIONE DEI DATI O CRITERI PER DETERMINARE IL PERIODO<\/strong><\/p>\n\n\n\n<p>Il trattamento sar\u00e0 svolto in forma automatizzata e manuale, con modalit\u00e0 e strumenti volti a garantire la massima sicurezza e riservatezza, ad opera di soggetti di ci\u00f2 appositamente incaricati. Nel rispetto di quanto previsto dall\u2019art. 5 comma 1 lett. e) del Reg. UE 2016\/679 i dati personali raccolti verranno conservati in una forma che consenta l\u2019identificazione degli interessati per un arco di tempo non superiore al conseguimento delle finalit\u00e0 per le quali i dati personali sono trattati. La conservazione dei dati di natura personale forniti dipende dalla finalit\u00e0 del trattamento:<\/p>\n\n\n\n<ul class=\"wp-block-list\">\n<li>sul presente sito web (finalit\u00e0 di cui al punto 2.a): si veda la cookies policy al seguente link: <a href=\"https:\/\/foodart.info\/?page_id=2997\" data-type=\"page\" data-id=\"2997\">Cookie Policy<\/a><\/li>\n<\/ul>\n\n\n\n<ul class=\"wp-block-list\">\n<li>per richiesta di contatto, disponibilit\u00e0 o processi di ordine on line (finalit\u00e0 di cui al punto 2.b): 1 anno salvo differenti obblighi derivati da leggi specifiche, come ad esempio in ambito contabile e amministrativo;<\/li>\n<\/ul>\n\n\n\n<ul class=\"wp-block-list\">\n<li>ricezione newsletter o comunicazioni promozionali in genere via e-mail (finalit\u00e0 di cui al punto 2.c): fino a Sua revoca;<\/li>\n<\/ul>\n\n\n\n<p>La tempistica \u00e8 determinata sulla base di criteri di cui l\u2019interessato pu\u00f2 avere informazioni scrivendo a amministrazione@food-art.it<\/p>\n\n\n\n<p><strong>5. NATURA DEL CONFERIMENTO E RIFIUTO<\/strong><\/p>\n\n\n\n<p>A parte quanto specificato per i dati di navigazione, l\u2019utente \u00e8 libero di fornire i dati personali. Il conferimento dei dati \u00e8 facoltativo o necessario a seconda della specifica finalit\u00e0 per la quale il dato viene trattato. Il mancato conferimento dei dati contrassegnati come obbligatori nei rispettivi form di raccolta, comporter\u00e0 l\u2019impossibilit\u00e0 di ottenere quanto richiesto o di usufruire dei servizi del titolare del trattamento.<\/p>\n\n\n\n<p><strong>6. DIRITTI DEGLI INTERESSATI<\/strong><\/p>\n\n\n\n<p>Lei potr\u00e0 far valere i propri diritti come espressi dagli artt. 15, 16, 17, 18, 19, 20, 21, 22 del Regolamento UE 2016\/679, rivolgendosi al Titolare all\u2019indirizzo amministrazione@food-art.it. Lei ha il diritto, in qualunque momento, di chiedere al Titolare del trattamento l\u2019accesso ai Suoi dati personali, la rettifica, la cancellazione degli stessi, la limitazione del trattamento. Inoltre, ha il diritto di opporsi, in qualsiasi momento, al trattamento dei suoi dati (compresi i trattamenti automatizzati), nonch\u00e9 alla portabilit\u00e0 dei suoi dati. Fatto salvo ogni altro ricorso amministrativo e giurisdizionale, se ritiene che il trattamento dei dati che la riguardano, violi quanto previsto dal Reg. UE 2016\/679, ai sensi dell\u2019art. 15 lettera f) del succitato Reg. UE 2016\/679, Lei ha il diritto di proporre reclamo al Garante per la protezione dei dati personali e, con riferimento all\u2019art. 6 paragrafo 1, lettera a) e art. 9, paragrafo 2, lettera a), ha il diritto di revocare in qualsiasi momento il consenso prestato. Nel caso di richiesta di portabilit\u00e0 del dato il Titolare del trattamento Le fornir\u00e0 in un formato strutturato, di uso comune e leggibile, da dispositivo automatico, i dati personali che la riguardano, fatto salvo i commi 3 e 4 dell\u2019art. 20 del Reg. UE 2016\/679.<\/p>\n\n\n\n<p><strong>7. MODALITA\u2019 DI ESERCIZIO DEI DIRITTI<\/strong><\/p>\n\n\n\n<p>Le modalit\u00e0 di esercizio dei diritti sono le seguenti:<\/p>\n\n\n\n<ul class=\"wp-block-list\">\n<li>Una raccomandata al Titolare: Foodart s.a.s.<\/li>\n<\/ul>\n\n\n\n<p>Via Alerami 17. 15033 Casale Monferrato (AL)<\/p>\n\n\n\n<p>P.IVA 02508320062<br>PEC <a href=\"mailto:foodart.vaccarone@pec.it\">foodart.vaccarone@pec.it<\/a><\/p>\n\n\n\n<ul class=\"wp-block-list\">\n<li>Una mail a <a href=\"mailto:amministrazione@food-art.it\">amministrazione@food-art.it<\/a><\/li>\n<\/ul>\n\n\n\n<p><strong>Ultimo Aggiornamento della Privacy policy: 26\/08\/2024<\/strong><\/p>\n","protected":false},"excerpt":{"rendered":"<p>Privacy policy:\u00a0INFORMATIVA PER IL TRATTAMENTO DEI DATI PERSONALI AI SENSI DELL\u2019ARTICOLO 13 DEL REGOLAMENTO UE 2016\/679 Privacy policy: Nel rispetto di quanto previsto dal Regolamento UE 2016\/679 (Regolamento Europeo per la protezione dei dati personali), Le forniamo le dovute informazioni in ordine al trattamento dei dati personali forniti. L\u2019informativa non \u00e8 da considerarsi valida per altri siti web eventualmente raggiungibili tramite links (collegamenti) presenti sui siti internet a dominio del titolare, che non \u00e8 pertanto da considerarsi in alcun modo responsabile per i dati raccolti e trattati. Si tratta di un\u2019informativa che \u00e8 resa ai sensi dell\u2019art. 13 del Reg. UE 2016\/679 (Regolamento Europeo per la protezione dei dati personali) e si ispira anche a quanto previsto dalla Direttiva 2002\/58\/CE, come aggiornata dalla Direttiva 2009\/136\/CE, in materia di Cookies nonch\u00e9 a quanto previsto dal Provvedimento dell\u2019Autorit\u00e0 Garante per la protezione dei dati personali del 08.05.2014 in materia di cookies.&nbsp; Informative specifiche della privacy policy: informative specifiche potrebbero essere presentate nelle pagine del Sito in relazione a particolari servizi o trattamenti dei Dati forniti. Cookies: per maggiori informazioni sui cookies utilizzati dal presente sito web si veda la cookies policy al seguente link: link cookie Foodart. 1. TITOLARE DEL TRATTAMENTO e RESPONSABILE DELLA PROTEZIONE DEI DATI Ai sensi dell\u2019art. 4 Reg. UE 2016\/679, Titolare del trattamento \u00e8 Foodart s.a.s. con sede legale in Spettabile: Via Alerami 17, 15033 Casale Monferrato (AL) C.F. 02508320062P.IVA 02508320062 L\u2019elenco aggiornato dei responsabili al trattamento \u00e8 custodito presso la sede legale del Titolare del trattamento e disponibile a chi ne fa richiesta. 2. FINALIT\u00c0 E BASE GIURIDICA DEL TRATTAMENTO I dati di natura personale forniti saranno trattati, nel rispetto delle condizioni di liceit\u00e0 ex art. 6 del Reg. UE 2016\/679, per le seguenti finalit\u00e0: 3. DESTINATARI O CATEGORIE DI DESTINATARI DEI DATI I dati di natura personale forniti potranno essere comunicati a destinatari, che tratteranno i dati in qualit\u00e0 di responsabili (art. 28 del Reg. UE 2016\/679) e\/o in qualit\u00e0 di persone fisiche che agiscono sotto l\u2019autorit\u00e0 del Titolare e del Responsabile (art. 29 del Reg. UE 2016\/679), per le finalit\u00e0 sopra elencate al punto 2. Precisamente, i dati potranno essere comunicati a: I soggetti appartenenti alle categorie suddette svolgono la funzione di Responsabile del trattamento dei dati, oppure operano in totale autonomia come distinti Titolari del trattamento. L\u2019elenco dei Responsabili del trattamento \u00e8 costantemente aggiornato e disponibile a chi ne fa richiesta scrivendo a amministrazione@food-art.it 4. PERIODO DI CONSERVAZIONE DEI DATI O CRITERI PER DETERMINARE IL PERIODO Il trattamento sar\u00e0 svolto in forma automatizzata e manuale, con modalit\u00e0 e strumenti volti a garantire la massima sicurezza e riservatezza, ad opera di soggetti di ci\u00f2 appositamente incaricati. Nel rispetto di quanto previsto dall\u2019art. 5 comma 1 lett. e) del Reg. UE 2016\/679 i dati personali raccolti verranno conservati in una forma che consenta l\u2019identificazione degli interessati per un arco di tempo non superiore al conseguimento delle finalit\u00e0 per le quali i dati personali sono trattati. La conservazione dei dati di natura personale forniti dipende dalla finalit\u00e0 del trattamento: La tempistica \u00e8 determinata sulla base di criteri di cui l\u2019interessato pu\u00f2 avere informazioni scrivendo a amministrazione@food-art.it 5. NATURA DEL CONFERIMENTO E RIFIUTO A parte quanto specificato per i dati di navigazione, l\u2019utente \u00e8 libero di fornire i dati personali. Il conferimento dei dati \u00e8 facoltativo o necessario a seconda della specifica finalit\u00e0 per la quale il dato viene trattato. Il mancato conferimento dei dati contrassegnati come obbligatori nei rispettivi form di raccolta, comporter\u00e0 l\u2019impossibilit\u00e0 di ottenere quanto richiesto o di usufruire dei servizi del titolare del trattamento. 6. DIRITTI DEGLI INTERESSATI Lei potr\u00e0 far valere i propri diritti come espressi dagli artt. 15, 16, 17, 18, 19, 20, 21, 22 del Regolamento UE 2016\/679, rivolgendosi al Titolare all\u2019indirizzo amministrazione@food-art.it. Lei ha il diritto, in qualunque momento, di chiedere al Titolare del trattamento l\u2019accesso ai Suoi dati personali, la rettifica, la cancellazione degli stessi, la limitazione del trattamento. Inoltre, ha il diritto di opporsi, in qualsiasi momento, al trattamento dei suoi dati (compresi i trattamenti automatizzati), nonch\u00e9 alla portabilit\u00e0 dei suoi dati. Fatto salvo ogni altro ricorso amministrativo e giurisdizionale, se ritiene che il trattamento dei dati che la riguardano, violi quanto previsto dal Reg. UE 2016\/679, ai sensi dell\u2019art. 15 lettera f) del succitato Reg. UE 2016\/679, Lei ha il diritto di proporre reclamo al Garante per la protezione dei dati personali e, con riferimento all\u2019art. 6 paragrafo 1, lettera a) e art. 9, paragrafo 2, lettera a), ha il diritto di revocare in qualsiasi momento il consenso prestato. Nel caso di richiesta di portabilit\u00e0 del dato il Titolare del trattamento Le fornir\u00e0 in un formato strutturato, di uso comune e leggibile, da dispositivo automatico, i dati personali che la riguardano, fatto salvo i commi 3 e 4 dell\u2019art. 20 del Reg. UE 2016\/679. 7. MODALITA\u2019 DI ESERCIZIO DEI DIRITTI Le modalit\u00e0 di esercizio dei diritti sono le seguenti: Via Alerami 17. 15033 Casale Monferrato (AL) P.IVA 02508320062PEC foodart.vaccarone@pec.it Ultimo Aggiornamento della Privacy policy: 26\/08\/2024<\/p>\n","protected":false},"author":1,"featured_media":0,"parent":0,"menu_order":0,"comment_status":"closed","ping_status":"closed","template":"","meta":{"footnotes":""},"class_list":["post-3","page","type-page","status-publish","hentry"],"yoast_head":"<!-- This site is optimized with the Yoast SEO plugin v27.4 - https:\/\/yoast.com\/product\/yoast-seo-wordpress\/ -->\n<title>Privacy Policy - Foodart<\/title>\n<meta name=\"description\" content=\"privacy policy di foodart\" \/>\n<meta name=\"robots\" content=\"index, follow, max-snippet:-1, max-image-preview:large, max-video-preview:-1\" \/>\n<link rel=\"canonical\" href=\"https:\/\/foodart.info\/?page_id=3\" \/>\n<meta property=\"og:locale\" content=\"it_IT\" \/>\n<meta property=\"og:type\" content=\"article\" \/>\n<meta property=\"og:title\" content=\"Privacy Policy - Foodart\" \/>\n<meta property=\"og:description\" content=\"privacy policy di foodart\" \/>\n<meta property=\"og:url\" content=\"https:\/\/foodart.info\/?page_id=3\" \/>\n<meta property=\"og:site_name\" content=\"Foodart\" \/>\n<meta property=\"article:modified_time\" content=\"2024-08-30T11:30:51+00:00\" \/>\n<meta name=\"twitter:card\" content=\"summary_large_image\" \/>\n<meta name=\"twitter:label1\" content=\"Tempo di lettura stimato\" \/>\n\t<meta name=\"twitter:data1\" content=\"6 minuti\" \/>\n<script type=\"application\/ld+json\" class=\"yoast-schema-graph\">{\"@context\":\"https:\\\/\\\/schema.org\",\"@graph\":[{\"@type\":\"WebPage\",\"@id\":\"https:\\\/\\\/foodart.info\\\/?page_id=3\",\"url\":\"https:\\\/\\\/foodart.info\\\/?page_id=3\",\"name\":\"Privacy Policy - Foodart\",\"isPartOf\":{\"@id\":\"https:\\\/\\\/foodart.info\\\/#website\"},\"datePublished\":\"2024-06-05T19:59:20+00:00\",\"dateModified\":\"2024-08-30T11:30:51+00:00\",\"description\":\"privacy policy di foodart\",\"breadcrumb\":{\"@id\":\"https:\\\/\\\/foodart.info\\\/?page_id=3#breadcrumb\"},\"inLanguage\":\"it-IT\",\"potentialAction\":[{\"@type\":\"ReadAction\",\"target\":[\"https:\\\/\\\/foodart.info\\\/?page_id=3\"]}]},{\"@type\":\"BreadcrumbList\",\"@id\":\"https:\\\/\\\/foodart.info\\\/?page_id=3#breadcrumb\",\"itemListElement\":[{\"@type\":\"ListItem\",\"position\":1,\"name\":\"Home\",\"item\":\"https:\\\/\\\/foodart.info\\\/\"},{\"@type\":\"ListItem\",\"position\":2,\"name\":\"Privacy Policy\"}]},{\"@type\":\"WebSite\",\"@id\":\"https:\\\/\\\/foodart.info\\\/#website\",\"url\":\"https:\\\/\\\/foodart.info\\\/\",\"name\":\"FoodArt\",\"description\":\"Frutta e verdura tagliata su misura per la tua cucina\",\"publisher\":{\"@id\":\"https:\\\/\\\/foodart.info\\\/#organization\"},\"potentialAction\":[{\"@type\":\"SearchAction\",\"target\":{\"@type\":\"EntryPoint\",\"urlTemplate\":\"https:\\\/\\\/foodart.info\\\/?s={search_term_string}\"},\"query-input\":{\"@type\":\"PropertyValueSpecification\",\"valueRequired\":true,\"valueName\":\"search_term_string\"}}],\"inLanguage\":\"it-IT\"},{\"@type\":\"Organization\",\"@id\":\"https:\\\/\\\/foodart.info\\\/#organization\",\"name\":\"FoodArt\",\"url\":\"https:\\\/\\\/foodart.info\\\/\",\"logo\":{\"@type\":\"ImageObject\",\"inLanguage\":\"it-IT\",\"@id\":\"https:\\\/\\\/foodart.info\\\/#\\\/schema\\\/logo\\\/image\\\/\",\"url\":\"https:\\\/\\\/foodart.info\\\/wp-content\\\/uploads\\\/2024\\\/07\\\/Food-Art.png\",\"contentUrl\":\"https:\\\/\\\/foodart.info\\\/wp-content\\\/uploads\\\/2024\\\/07\\\/Food-Art.png\",\"width\":2827,\"height\":1116,\"caption\":\"FoodArt\"},\"image\":{\"@id\":\"https:\\\/\\\/foodart.info\\\/#\\\/schema\\\/logo\\\/image\\\/\"}}]}<\/script>\n<!-- \/ Yoast SEO plugin. -->","yoast_head_json":{"title":"Privacy Policy - Foodart","description":"privacy policy di foodart","robots":{"index":"index","follow":"follow","max-snippet":"max-snippet:-1","max-image-preview":"max-image-preview:large","max-video-preview":"max-video-preview:-1"},"canonical":"https:\/\/foodart.info\/?page_id=3","og_locale":"it_IT","og_type":"article","og_title":"Privacy Policy - Foodart","og_description":"privacy policy di foodart","og_url":"https:\/\/foodart.info\/?page_id=3","og_site_name":"Foodart","article_modified_time":"2024-08-30T11:30:51+00:00","twitter_card":"summary_large_image","twitter_misc":{"Tempo di lettura stimato":"6 minuti"},"schema":{"@context":"https:\/\/schema.org","@graph":[{"@type":"WebPage","@id":"https:\/\/foodart.info\/?page_id=3","url":"https:\/\/foodart.info\/?page_id=3","name":"Privacy Policy - Foodart","isPartOf":{"@id":"https:\/\/foodart.info\/#website"},"datePublished":"2024-06-05T19:59:20+00:00","dateModified":"2024-08-30T11:30:51+00:00","description":"privacy policy di foodart","breadcrumb":{"@id":"https:\/\/foodart.info\/?page_id=3#breadcrumb"},"inLanguage":"it-IT","potentialAction":[{"@type":"ReadAction","target":["https:\/\/foodart.info\/?page_id=3"]}]},{"@type":"BreadcrumbList","@id":"https:\/\/foodart.info\/?page_id=3#breadcrumb","itemListElement":[{"@type":"ListItem","position":1,"name":"Home","item":"https:\/\/foodart.info\/"},{"@type":"ListItem","position":2,"name":"Privacy Policy"}]},{"@type":"WebSite","@id":"https:\/\/foodart.info\/#website","url":"https:\/\/foodart.info\/","name":"FoodArt","description":"Frutta e verdura tagliata su misura per la tua cucina","publisher":{"@id":"https:\/\/foodart.info\/#organization"},"potentialAction":[{"@type":"SearchAction","target":{"@type":"EntryPoint","urlTemplate":"https:\/\/foodart.info\/?s={search_term_string}"},"query-input":{"@type":"PropertyValueSpecification","valueRequired":true,"valueName":"search_term_string"}}],"inLanguage":"it-IT"},{"@type":"Organization","@id":"https:\/\/foodart.info\/#organization","name":"FoodArt","url":"https:\/\/foodart.info\/","logo":{"@type":"ImageObject","inLanguage":"it-IT","@id":"https:\/\/foodart.info\/#\/schema\/logo\/image\/","url":"https:\/\/foodart.info\/wp-content\/uploads\/2024\/07\/Food-Art.png","contentUrl":"https:\/\/foodart.info\/wp-content\/uploads\/2024\/07\/Food-Art.png","width":2827,"height":1116,"caption":"FoodArt"},"image":{"@id":"https:\/\/foodart.info\/#\/schema\/logo\/image\/"}}]}},"_links":{"self":[{"href":"https:\/\/foodart.info\/index.php?rest_route=\/wp\/v2\/pages\/3","targetHints":{"allow":["GET"]}}],"collection":[{"href":"https:\/\/foodart.info\/index.php?rest_route=\/wp\/v2\/pages"}],"about":[{"href":"https:\/\/foodart.info\/index.php?rest_route=\/wp\/v2\/types\/page"}],"author":[{"embeddable":true,"href":"https:\/\/foodart.info\/index.php?rest_route=\/wp\/v2\/users\/1"}],"replies":[{"embeddable":true,"href":"https:\/\/foodart.info\/index.php?rest_route=%2Fwp%2Fv2%2Fcomments&post=3"}],"version-history":[{"count":5,"href":"https:\/\/foodart.info\/index.php?rest_route=\/wp\/v2\/pages\/3\/revisions"}],"predecessor-version":[{"id":3819,"href":"https:\/\/foodart.info\/index.php?rest_route=\/wp\/v2\/pages\/3\/revisions\/3819"}],"wp:attachment":[{"href":"https:\/\/foodart.info\/index.php?rest_route=%2Fwp%2Fv2%2Fmedia&parent=3"}],"curies":[{"name":"wp","href":"https:\/\/api.w.org\/{rel}","templated":true}]}}