{"id":2997,"date":"2024-08-01T08:14:27","date_gmt":"2024-08-01T08:14:27","guid":{"rendered":"https:\/\/foodart.info\/?page_id=2997"},"modified":"2024-08-30T11:28:19","modified_gmt":"2024-08-30T11:28:19","slug":"cookie-policy","status":"publish","type":"page","link":"https:\/\/foodart.info\/?page_id=2997","title":{"rendered":"Cookie Policy"},"content":{"rendered":"\n<p>Cookie policy di Foodart S.r.l. rispetta la normativa europea e italiana riguardante i cookie e il trattamento dei dati personali.<\/p>\n\n\n\n<p><strong>Cosa sono i Cookie?<\/strong><\/p>\n\n\n\n<p>Cookie policy: I cookie sono piccoli file di testo che vengono memorizzati sul tuo dispositivo quando visiti un sito web. I cookie sono ampiamente utilizzati per far funzionare i siti web in modo efficiente, fornire informazioni ai proprietari del sito e per altri scopi, come migliorare l&#8217;esperienza dell&#8217;utente. Per maggiori dettagli su cosa sono e come funzionano i cookie, ti invitiamo a consultare la pagina di Wikipedia dedicata.<\/p>\n\n\n\n<p><strong>Questo sito utilizza i Cookie?<\/strong><\/p>\n\n\n\n<p>Foodart utilizza cookie per facilitare e migliorare la navigazione (cookie tecnici) e per raccogliere statistiche sugli accessi (cookie analitici). I cookie possono essere di sessione (creati all&#8217;inizio della consultazione e cancellati alla chiusura del browser) o persistenti (rimangono sul dispositivo anche dopo la fine della sessione di navigazione), con durate variabili che vanno da poche ore a diversi giorni, mesi o anche in modo permanente. Cookie utilizzati:&nbsp;<\/p>\n\n\n\n<ul class=\"wp-block-list\">\n<li>Cookie tecnici: sono essenziali per il corretto funzionamento del sito web. Questi cookie consentono agli utenti di navigare sul sito e di utilizzare le sue funzionalit\u00e0.<\/li>\n\n\n\n<li>Cookie di analisi: vengono utilizzati per raccogliere informazioni sull\u2019utilizzo del sito web, come il numero di visitatori e le pagine visitate. Questi cookie ci aiutano a migliorare il nostro sito web e a fornire un\u2019esperienza utente migliore.<\/li>\n\n\n\n<li>Cookie di preferenze: consentono al sito web di ricordare le scelte effettuate dagli utenti (come la lingua o la regione) e offrono funzionalit\u00e0 avanzate personalizzate.<\/li>\n\n\n\n<li>Cookie di terze parti: possono essere presenti per consentire funzionalit\u00e0 aggiuntive fornite da terze parti, come ad esempio la visualizzazione di video o l\u2019integrazione con social media.<\/li>\n<\/ul>\n\n\n\n<p><strong>Come Gestire i Cookie<\/strong><\/p>\n\n\n\n<p>L\u2019utente pu\u00f2 controllare quali cookie sono installati e decidere se accettarli o meno utilizzando le impostazioni del proprio browser (Firefox, Chrome, Safari, Internet Explorer, ecc.). Le impostazioni possono essere modificate per gestire i cookie \u201cproprietari\u201d e quelli di \u201cterze parti\u201d. In genere, \u00e8 possibile accedere a un pannello di controllo dove si pu\u00f2 definire se accettare o meno i diversi tipi di cookie e procedere alla loro rimozione.<\/p>\n\n\n\n<p>La disabilitazione totale o parziale dei cookie tecnici pu\u00f2 compromettere l\u2019utilizzo delle funzionalit\u00e0 del sito. La disabilitazione dei cookie di terze parti, invece, non influisce sulla navigabilit\u00e0 del sito.<\/p>\n\n\n\n<p>Dato l&#8217;ampio numero di dispositivi, sistemi operativi e browser disponibili, \u00e8 difficile fornire un elenco completo e aggiornato su come gestire i cookie per ogni singola combinazione. Ti consigliamo di fare riferimento alla documentazione specifica del tuo browser, sistema operativo e dispositivo.<\/p>\n\n\n\n<p>Di seguito sono riportati i link per la gestione dei cookie sui principali browser (elenco non esaustivo):<\/p>\n\n\n\n<ul class=\"wp-block-list\">\n<li>Chrome: <a href=\"https:\/\/support.google.com\/chrome\/answer\/95647?hl=it\">Guida alla gestione dei cookie<\/a><\/li>\n\n\n\n<li>Firefox: <a href=\"https:\/\/support.mozilla.org\/it\/kb\/Gestione%20dei%20cookie\">Gestione dei cookie<\/a><\/li>\n\n\n\n<li>Internet Explorer: <a href=\"http:\/\/windows.microsoft.com\/it-it\/windows7\/how-to-manage-cookies-in-internet-explorer-9\">Gestione dei cookie in Internet Explorer<\/a><\/li>\n\n\n\n<li>Opera: <a href=\"https:\/\/help.opera.com\/en\/latest\/web-preferences\/\">Preferenze web<\/a><\/li>\n\n\n\n<li>Safari: <a href=\"http:\/\/support.apple.com\/kb\/HT1677?viewlocale=it_IT\">Gestire i cookie su Safari<\/a><\/li>\n<\/ul>\n\n\n\n<p>Proseguendo con la navigazione sul sito senza modificare le impostazioni del tuo browser, o cliccando su &#8216;Accetto&#8217;, acconsenti all&#8217;uso dei cookie come descritto in questa cookie policy.<\/p>\n\n\n\n<p><strong>Preferenze (1)<\/strong><\/p>\n\n\n\n<figure class=\"wp-block-table\"><table><tbody><tr><td><strong>Nome<\/strong><\/td><td><strong>Fornitore<\/strong><\/td><td><strong>Scopo<\/strong><\/td><td><strong>Scadenza<\/strong><\/td><td><strong>Tipo<\/strong><\/td><\/tr><tr><td>_grecaptcha<\/td><td>Google<\/td><td>Usato per distinguere tra umani e bot, aiutando a mantenere l&#8217;integrit\u00e0 dei rapporti sul sito.<\/td><td>Persistente<\/td><td>Archiviazione locale HTML<\/td><\/tr><tr><td>_GRECAPTCHA<\/td><td>Google<\/td><td>Usato per distinguere tra umani e bot, utile per la validazione dei rapporti sul sito.<\/td><td>180 giorni<\/td><td>Cookie HTTP<\/td><\/tr><tr><td>1.gif<\/td><td>Cookiebot<\/td><td>Utilizzato per contare il numero di sessioni del sito, necessario per l&#8217;ottimizzazione del CMP.<\/td><td>Sessione<\/td><td>Pixel Tracker<\/td><\/tr><tr><td>CookieConsent<\/td><td><a href=\"http:\/\/www.foodart.info\/\">www.foodart.info<\/a><\/td><td>Memorizza lo stato del consenso ai cookie per il dominio corrente.<\/td><td>1 anno<\/td><td>Cookie HTTP<\/td><\/tr><tr><td>elementor<\/td><td><a href=\"http:\/\/www.foodart.info\/\">www.foodart.info<\/a><\/td><td>Utilizzato per il tema WordPress del sito per modificare il contenuto del sito in tempo reale.<\/td><td>Persistente<\/td><td>Archiviazione locale HTML<\/td><\/tr><tr><td>rc::a<\/td><td>Google<\/td><td>Utilizzato per distinguere tra umani e bot, supporta la validazione dell&#8217;uso del sito.<\/td><td>Persistente<\/td><td>Archiviazione locale HTML<\/td><\/tr><tr><td>rc::b<\/td><td>Google<\/td><td>Utilizzato per distinguere tra umani e bot, aiuta nella validazione dell&#8217;uso del sito.<\/td><td>Sessione<\/td><td>Archiviazione locale HTML<\/td><\/tr><tr><td>rc::c<\/td><td>Google<\/td><td>Utilizzato per distinguere tra umani e bot, utile per la validazione dell&#8217;uso del sito.<\/td><td>Sessione<\/td><td>Archiviazione locale HTML<\/td><\/tr><tr><td>rc::f<\/td><td>Google<\/td><td>Utilizzato per distinguere tra umani e bot, supporta la validazione dei rapporti sul sito.<\/td><td>Persistente<\/td><td>Archiviazione locale HTML<\/td><\/tr><tr><td>wordpress_test_cookie<\/td><td><a href=\"http:\/\/www.foodart.info\/\">www.foodart.info<\/a><\/td><td>Verifica se il browser dell&#8217;utente supporta i cookie.<\/td><td>Sessione<\/td><td>Cookie HTTP<\/td><\/tr><\/tbody><\/table><\/figure>\n\n\n\n<p><strong>Statistiche (6)<\/strong><\/p>\n\n\n\n<p>I cookie statistici aiutano a comprendere come i visitatori interagiscono con il sito web raccogliendo e trasmettendo informazioni in forma anonima.<\/p>\n\n\n\n<figure class=\"wp-block-table\"><table><tbody><tr><td><strong>Nome<\/strong><\/td><td><strong>Fornitore<\/strong><\/td><td><strong>Scopo<\/strong><\/td><td><strong>Scadenza<\/strong><\/td><td><strong>Tipo<\/strong><\/td><\/tr><tr><td>_ga<\/td><td>Google<\/td><td>Registra un ID univoco utilizzato per generare dati statistici su come il visitatore utilizza il sito.<\/td><td>2 anni<\/td><td>Cookie HTTP<\/td><\/tr><tr><td>_ga_#<\/td><td>Google<\/td><td>Utilizzato per raccogliere dati su numero di visite, prima visita e ultima visita dell&#8217;utente.<\/td><td>2 anni<\/td><td>Cookie HTTP<\/td><\/tr><tr><td>_gat<\/td><td>Google<\/td><td>Utilizzato per limitare la frequenza delle richieste a Google Analytics.<\/td><td>1 giorno<\/td><td>Cookie HTTP<\/td><\/tr><tr><td>_gid<\/td><td>Google<\/td><td>Registra un ID univoco per generare dati statistici su come il visitatore utilizza il sito.<\/td><td>1 giorno<\/td><td>Cookie HTTP<\/td><\/tr><tr><td>collect<\/td><td>Google<\/td><td>Invia dati a Google Analytics su dispositivo e comportamento dell&#8217;utente, tracciando l&#8217;utente su diversi dispositivi e canali di marketing.<\/td><td>Sessione<\/td><td>Pixel Tracker<\/td><\/tr><\/tbody><\/table><\/figure>\n\n\n\n<p><strong>Marketing (3)<\/strong><\/p>\n\n\n\n<p>I cookie di marketing vengono utilizzati per tracciare i visitatori sui siti web e presentare annunci pubblicitari rilevanti e coinvolgenti.<\/p>\n\n\n\n<figure class=\"wp-block-table\"><table><tbody><tr><td><strong>Nome<\/strong><\/td><td><strong>Fornitore<\/strong><\/td><td><strong>Scopo<\/strong><\/td><td><strong>Scadenza<\/strong><\/td><td><strong>Tipo<\/strong><\/td><\/tr><tr><td>_fbp<\/td><td>Meta Platforms, Inc.<\/td><td>Utilizzato da Facebook per fornire una serie di prodotti pubblicitari come offerte in tempo reale.<\/td><td>3 mesi<\/td><td>Cookie HTTP<\/td><\/tr><tr><td>lastExternalReferrer<\/td><td>Meta Platforms, Inc.<\/td><td>Rileva come l&#8217;utente ha raggiunto il sito, registrando l&#8217;URL del sito web di provenienza.<\/td><td>Persistente<\/td><td>Archiviazione locale HTML<\/td><\/tr><tr><td>lastExternalReferrerTime<\/td><td>Meta Platforms, Inc.<\/td><td>Rileva come l&#8217;utente ha raggiunto il sito, registrando l&#8217;URL del sito web di provenienza.<\/td><td>Persistente<\/td><td>Archiviazione locale HTML<\/td><\/tr><\/tbody><\/table><\/figure>\n\n\n\n<p><strong>Ultimo Aggiornamento Cookie Policy: 26\/08\/2024<\/strong><\/p>\n","protected":false},"excerpt":{"rendered":"<p>Cookie policy di Foodart S.r.l. rispetta la normativa europea e italiana riguardante i cookie e il trattamento dei dati personali. Cosa sono i Cookie? Cookie policy: I cookie sono piccoli file di testo che vengono memorizzati sul tuo dispositivo quando visiti un sito web. I cookie sono ampiamente utilizzati per far funzionare i siti web in modo efficiente, fornire informazioni ai proprietari del sito e per altri scopi, come migliorare l&#8217;esperienza dell&#8217;utente. Per maggiori dettagli su cosa sono e come funzionano i cookie, ti invitiamo a consultare la pagina di Wikipedia dedicata. Questo sito utilizza i Cookie? Foodart utilizza cookie per facilitare e migliorare la navigazione (cookie tecnici) e per raccogliere statistiche sugli accessi (cookie analitici). I cookie possono essere di sessione (creati all&#8217;inizio della consultazione e cancellati alla chiusura del browser) o persistenti (rimangono sul dispositivo anche dopo la fine della sessione di navigazione), con durate variabili che vanno da poche ore a diversi giorni, mesi o anche in modo permanente. Cookie utilizzati:&nbsp; Come Gestire i Cookie L\u2019utente pu\u00f2 controllare quali cookie sono installati e decidere se accettarli o meno utilizzando le impostazioni del proprio browser (Firefox, Chrome, Safari, Internet Explorer, ecc.). Le impostazioni possono essere modificate per gestire i cookie \u201cproprietari\u201d e quelli di \u201cterze parti\u201d. In genere, \u00e8 possibile accedere a un pannello di controllo dove si pu\u00f2 definire se accettare o meno i diversi tipi di cookie e procedere alla loro rimozione. La disabilitazione totale o parziale dei cookie tecnici pu\u00f2 compromettere l\u2019utilizzo delle funzionalit\u00e0 del sito. La disabilitazione dei cookie di terze parti, invece, non influisce sulla navigabilit\u00e0 del sito. Dato l&#8217;ampio numero di dispositivi, sistemi operativi e browser disponibili, \u00e8 difficile fornire un elenco completo e aggiornato su come gestire i cookie per ogni singola combinazione. Ti consigliamo di fare riferimento alla documentazione specifica del tuo browser, sistema operativo e dispositivo. Di seguito sono riportati i link per la gestione dei cookie sui principali browser (elenco non esaustivo): Proseguendo con la navigazione sul sito senza modificare le impostazioni del tuo browser, o cliccando su &#8216;Accetto&#8217;, acconsenti all&#8217;uso dei cookie come descritto in questa cookie policy. Preferenze (1) Nome Fornitore Scopo Scadenza Tipo _grecaptcha Google Usato per distinguere tra umani e bot, aiutando a mantenere l&#8217;integrit\u00e0 dei rapporti sul sito. Persistente Archiviazione locale HTML _GRECAPTCHA Google Usato per distinguere tra umani e bot, utile per la validazione dei rapporti sul sito. 180 giorni Cookie HTTP 1.gif Cookiebot Utilizzato per contare il numero di sessioni del sito, necessario per l&#8217;ottimizzazione del CMP. Sessione Pixel Tracker CookieConsent www.foodart.info Memorizza lo stato del consenso ai cookie per il dominio corrente. 1 anno Cookie HTTP elementor www.foodart.info Utilizzato per il tema WordPress del sito per modificare il contenuto del sito in tempo reale. Persistente Archiviazione locale HTML rc::a Google Utilizzato per distinguere tra umani e bot, supporta la validazione dell&#8217;uso del sito. Persistente Archiviazione locale HTML rc::b Google Utilizzato per distinguere tra umani e bot, aiuta nella validazione dell&#8217;uso del sito. Sessione Archiviazione locale HTML rc::c Google Utilizzato per distinguere tra umani e bot, utile per la validazione dell&#8217;uso del sito. Sessione Archiviazione locale HTML rc::f Google Utilizzato per distinguere tra umani e bot, supporta la validazione dei rapporti sul sito. Persistente Archiviazione locale HTML wordpress_test_cookie www.foodart.info Verifica se il browser dell&#8217;utente supporta i cookie. Sessione Cookie HTTP Statistiche (6) I cookie statistici aiutano a comprendere come i visitatori interagiscono con il sito web raccogliendo e trasmettendo informazioni in forma anonima. Nome Fornitore Scopo Scadenza Tipo _ga Google Registra un ID univoco utilizzato per generare dati statistici su come il visitatore utilizza il sito. 2 anni Cookie HTTP _ga_# Google Utilizzato per raccogliere dati su numero di visite, prima visita e ultima visita dell&#8217;utente. 2 anni Cookie HTTP _gat Google Utilizzato per limitare la frequenza delle richieste a Google Analytics. 1 giorno Cookie HTTP _gid Google Registra un ID univoco per generare dati statistici su come il visitatore utilizza il sito. 1 giorno Cookie HTTP collect Google Invia dati a Google Analytics su dispositivo e comportamento dell&#8217;utente, tracciando l&#8217;utente su diversi dispositivi e canali di marketing. Sessione Pixel Tracker Marketing (3) I cookie di marketing vengono utilizzati per tracciare i visitatori sui siti web e presentare annunci pubblicitari rilevanti e coinvolgenti. Nome Fornitore Scopo Scadenza Tipo _fbp Meta Platforms, Inc. Utilizzato da Facebook per fornire una serie di prodotti pubblicitari come offerte in tempo reale. 3 mesi Cookie HTTP lastExternalReferrer Meta Platforms, Inc. Rileva come l&#8217;utente ha raggiunto il sito, registrando l&#8217;URL del sito web di provenienza. Persistente Archiviazione locale HTML lastExternalReferrerTime Meta Platforms, Inc. Rileva come l&#8217;utente ha raggiunto il sito, registrando l&#8217;URL del sito web di provenienza. Persistente Archiviazione locale HTML Ultimo Aggiornamento Cookie Policy: 26\/08\/2024<\/p>\n","protected":false},"author":2,"featured_media":0,"parent":0,"menu_order":0,"comment_status":"closed","ping_status":"closed","template":"","meta":{"footnotes":""},"class_list":["post-2997","page","type-page","status-publish","hentry"],"yoast_head":"<!-- This site is optimized with the Yoast SEO plugin v27.4 - https:\/\/yoast.com\/product\/yoast-seo-wordpress\/ -->\n<title>Cookie Policy - Foodart<\/title>\n<meta name=\"description\" content=\"Cookie policy di foodart\" \/>\n<meta name=\"robots\" content=\"index, follow, max-snippet:-1, max-image-preview:large, max-video-preview:-1\" \/>\n<link rel=\"canonical\" href=\"https:\/\/foodart.info\/?page_id=2997\" \/>\n<meta property=\"og:locale\" content=\"it_IT\" \/>\n<meta property=\"og:type\" content=\"article\" \/>\n<meta property=\"og:title\" content=\"Cookie Policy - Foodart\" \/>\n<meta property=\"og:description\" content=\"Cookie policy di foodart\" \/>\n<meta property=\"og:url\" content=\"https:\/\/foodart.info\/?page_id=2997\" \/>\n<meta property=\"og:site_name\" content=\"Foodart\" \/>\n<meta property=\"article:modified_time\" content=\"2024-08-30T11:28:19+00:00\" \/>\n<meta name=\"twitter:card\" content=\"summary_large_image\" \/>\n<meta name=\"twitter:label1\" content=\"Tempo di lettura stimato\" \/>\n\t<meta name=\"twitter:data1\" content=\"5 minuti\" \/>\n<script type=\"application\/ld+json\" class=\"yoast-schema-graph\">{\"@context\":\"https:\\\/\\\/schema.org\",\"@graph\":[{\"@type\":\"WebPage\",\"@id\":\"https:\\\/\\\/foodart.info\\\/?page_id=2997\",\"url\":\"https:\\\/\\\/foodart.info\\\/?page_id=2997\",\"name\":\"Cookie Policy - Foodart\",\"isPartOf\":{\"@id\":\"https:\\\/\\\/foodart.info\\\/#website\"},\"datePublished\":\"2024-08-01T08:14:27+00:00\",\"dateModified\":\"2024-08-30T11:28:19+00:00\",\"description\":\"Cookie policy di foodart\",\"breadcrumb\":{\"@id\":\"https:\\\/\\\/foodart.info\\\/?page_id=2997#breadcrumb\"},\"inLanguage\":\"it-IT\",\"potentialAction\":[{\"@type\":\"ReadAction\",\"target\":[\"https:\\\/\\\/foodart.info\\\/?page_id=2997\"]}]},{\"@type\":\"BreadcrumbList\",\"@id\":\"https:\\\/\\\/foodart.info\\\/?page_id=2997#breadcrumb\",\"itemListElement\":[{\"@type\":\"ListItem\",\"position\":1,\"name\":\"Home\",\"item\":\"https:\\\/\\\/foodart.info\\\/\"},{\"@type\":\"ListItem\",\"position\":2,\"name\":\"Cookie Policy\"}]},{\"@type\":\"WebSite\",\"@id\":\"https:\\\/\\\/foodart.info\\\/#website\",\"url\":\"https:\\\/\\\/foodart.info\\\/\",\"name\":\"FoodArt\",\"description\":\"Frutta e verdura tagliata su misura per la tua cucina\",\"publisher\":{\"@id\":\"https:\\\/\\\/foodart.info\\\/#organization\"},\"potentialAction\":[{\"@type\":\"SearchAction\",\"target\":{\"@type\":\"EntryPoint\",\"urlTemplate\":\"https:\\\/\\\/foodart.info\\\/?s={search_term_string}\"},\"query-input\":{\"@type\":\"PropertyValueSpecification\",\"valueRequired\":true,\"valueName\":\"search_term_string\"}}],\"inLanguage\":\"it-IT\"},{\"@type\":\"Organization\",\"@id\":\"https:\\\/\\\/foodart.info\\\/#organization\",\"name\":\"FoodArt\",\"url\":\"https:\\\/\\\/foodart.info\\\/\",\"logo\":{\"@type\":\"ImageObject\",\"inLanguage\":\"it-IT\",\"@id\":\"https:\\\/\\\/foodart.info\\\/#\\\/schema\\\/logo\\\/image\\\/\",\"url\":\"https:\\\/\\\/foodart.info\\\/wp-content\\\/uploads\\\/2024\\\/07\\\/Food-Art.png\",\"contentUrl\":\"https:\\\/\\\/foodart.info\\\/wp-content\\\/uploads\\\/2024\\\/07\\\/Food-Art.png\",\"width\":2827,\"height\":1116,\"caption\":\"FoodArt\"},\"image\":{\"@id\":\"https:\\\/\\\/foodart.info\\\/#\\\/schema\\\/logo\\\/image\\\/\"}}]}<\/script>\n<!-- \/ Yoast SEO plugin. -->","yoast_head_json":{"title":"Cookie Policy - Foodart","description":"Cookie policy di foodart","robots":{"index":"index","follow":"follow","max-snippet":"max-snippet:-1","max-image-preview":"max-image-preview:large","max-video-preview":"max-video-preview:-1"},"canonical":"https:\/\/foodart.info\/?page_id=2997","og_locale":"it_IT","og_type":"article","og_title":"Cookie Policy - Foodart","og_description":"Cookie policy di foodart","og_url":"https:\/\/foodart.info\/?page_id=2997","og_site_name":"Foodart","article_modified_time":"2024-08-30T11:28:19+00:00","twitter_card":"summary_large_image","twitter_misc":{"Tempo di lettura stimato":"5 minuti"},"schema":{"@context":"https:\/\/schema.org","@graph":[{"@type":"WebPage","@id":"https:\/\/foodart.info\/?page_id=2997","url":"https:\/\/foodart.info\/?page_id=2997","name":"Cookie Policy - Foodart","isPartOf":{"@id":"https:\/\/foodart.info\/#website"},"datePublished":"2024-08-01T08:14:27+00:00","dateModified":"2024-08-30T11:28:19+00:00","description":"Cookie policy di foodart","breadcrumb":{"@id":"https:\/\/foodart.info\/?page_id=2997#breadcrumb"},"inLanguage":"it-IT","potentialAction":[{"@type":"ReadAction","target":["https:\/\/foodart.info\/?page_id=2997"]}]},{"@type":"BreadcrumbList","@id":"https:\/\/foodart.info\/?page_id=2997#breadcrumb","itemListElement":[{"@type":"ListItem","position":1,"name":"Home","item":"https:\/\/foodart.info\/"},{"@type":"ListItem","position":2,"name":"Cookie Policy"}]},{"@type":"WebSite","@id":"https:\/\/foodart.info\/#website","url":"https:\/\/foodart.info\/","name":"FoodArt","description":"Frutta e verdura tagliata su misura per la tua cucina","publisher":{"@id":"https:\/\/foodart.info\/#organization"},"potentialAction":[{"@type":"SearchAction","target":{"@type":"EntryPoint","urlTemplate":"https:\/\/foodart.info\/?s={search_term_string}"},"query-input":{"@type":"PropertyValueSpecification","valueRequired":true,"valueName":"search_term_string"}}],"inLanguage":"it-IT"},{"@type":"Organization","@id":"https:\/\/foodart.info\/#organization","name":"FoodArt","url":"https:\/\/foodart.info\/","logo":{"@type":"ImageObject","inLanguage":"it-IT","@id":"https:\/\/foodart.info\/#\/schema\/logo\/image\/","url":"https:\/\/foodart.info\/wp-content\/uploads\/2024\/07\/Food-Art.png","contentUrl":"https:\/\/foodart.info\/wp-content\/uploads\/2024\/07\/Food-Art.png","width":2827,"height":1116,"caption":"FoodArt"},"image":{"@id":"https:\/\/foodart.info\/#\/schema\/logo\/image\/"}}]}},"_links":{"self":[{"href":"https:\/\/foodart.info\/index.php?rest_route=\/wp\/v2\/pages\/2997","targetHints":{"allow":["GET"]}}],"collection":[{"href":"https:\/\/foodart.info\/index.php?rest_route=\/wp\/v2\/pages"}],"about":[{"href":"https:\/\/foodart.info\/index.php?rest_route=\/wp\/v2\/types\/page"}],"author":[{"embeddable":true,"href":"https:\/\/foodart.info\/index.php?rest_route=\/wp\/v2\/users\/2"}],"replies":[{"embeddable":true,"href":"https:\/\/foodart.info\/index.php?rest_route=%2Fwp%2Fv2%2Fcomments&post=2997"}],"version-history":[{"count":2,"href":"https:\/\/foodart.info\/index.php?rest_route=\/wp\/v2\/pages\/2997\/revisions"}],"predecessor-version":[{"id":3817,"href":"https:\/\/foodart.info\/index.php?rest_route=\/wp\/v2\/pages\/2997\/revisions\/3817"}],"wp:attachment":[{"href":"https:\/\/foodart.info\/index.php?rest_route=%2Fwp%2Fv2%2Fmedia&parent=2997"}],"curies":[{"name":"wp","href":"https:\/\/api.w.org\/{rel}","templated":true}]}}